{"id":211,"date":"2023-03-24T09:08:58","date_gmt":"2023-03-24T09:08:58","guid":{"rendered":"https:\/\/www.black-hill.cz\/?page_id=211"},"modified":"2023-06-07T12:32:23","modified_gmt":"2023-06-07T12:32:23","slug":"galerie","status":"publish","type":"page","link":"https:\/\/www.black-hill.cz\/?page_id=211","title":{"rendered":"Galerie"},"content":{"rendered":"<p>[et_pb_section fb_built=&#8220;1&#8243; _builder_version=&#8220;4.20.2&#8243; _module_preset=&#8220;default&#8220; background_color=&#8220;#FAF5EF&#8220; custom_padding=&#8220;100px||||false|false&#8220; global_colors_info=&#8220;{}&#8220;][et_pb_row _builder_version=&#8220;4.20.2&#8243; _module_preset=&#8220;default&#8220; global_colors_info=&#8220;{}&#8220;][et_pb_column type=&#8220;4_4&#8243; _builder_version=&#8220;4.20.2&#8243; _module_preset=&#8220;default&#8220; global_colors_info=&#8220;{}&#8220;][et_pb_text _builder_version=&#8220;4.20.2&#8243; _module_preset=&#8220;7429cfe6-92c3-4796-bd04-0f4ceacb1001&#8243; global_colors_info=&#8220;{}&#8220;]<\/p>\n<h1><strong>Galerie<\/strong><\/h1>\n<p>[\/et_pb_text][\/et_pb_column][\/et_pb_row][et_pb_row _builder_version=&#8220;4.20.2&#8243; _module_preset=&#8220;default&#8220; global_colors_info=&#8220;{}&#8220;][et_pb_column type=&#8220;4_4&#8243; _builder_version=&#8220;4.20.2&#8243; _module_preset=&#8220;default&#8220; global_colors_info=&#8220;{}&#8220;][dipl_masonry_gallery image_ids=&#8220;769,771,767,768,781,776,775,779,786,790,789,759,757,758,756&#8243; number_of_columns=&#8220;3&#8243; image_size=&#8220;large&#8220; enable_lightbox=&#8220;on&#8220; enable_overlay=&#8220;on&#8220; overlay_icon=&#8220;&#x54;||divi||400&#8243; overlay_icon_size=&#8220;40px&#8220; overlay_icon_color=&#8220;#AB814F&#8220; overlay_color=&#8220;rgba(255,255,255,0.28)&#8220; _builder_version=&#8220;4.20.4&#8243; _module_preset=&#8220;default&#8220; hover_enabled=&#8220;0&#8243; global_colors_info=&#8220;{}&#8220; sticky_enabled=&#8220;0&#8243;][\/dipl_masonry_gallery][\/et_pb_column][\/et_pb_row][\/et_pb_section][et_pb_section fb_built=&#8220;1&#8243; fullwidth=&#8220;on&#8220; _builder_version=&#8220;4.20.2&#8243; _module_preset=&#8220;default&#8220; background_color=&#8220;#AB814F&#8220; global_colors_info=&#8220;{}&#8220;][et_pb_fullwidth_slider _builder_version=&#8220;4.20.4&#8243; _module_preset=&#8220;default&#8220; background_color=&#8220;#AB814F&#8220; hover_enabled=&#8220;0&#8243; global_colors_info=&#8220;{}&#8220; sticky_enabled=&#8220;0&#8243;][et_pb_slide heading=&#8220;Odpo\u010dinek v komfortu&#8220; button_text=&#8220;Prohl\u00e9dn\u011bte si apartm\u00e1ny&#8220; use_bg_overlay=&#8220;off&#8220; use_text_overlay=&#8220;off&#8220; _builder_version=&#8220;4.20.4&#8243; _module_preset=&#8220;default&#8220; background_image=&#8220;http:\/\/www.black-hill.cz\/wp-content\/uploads\/2023\/06\/Apt8-web-DSC_0030.jpg&#8220; background_enable_image=&#8220;on&#8220; hover_enabled=&#8220;0&#8243; global_colors_info=&#8220;{}&#8220; sticky_transition=&#8220;on&#8220; title_text=&#8220;Apt8-web-DSC_0030&#8243; sticky_enabled=&#8220;0&#8243;]<\/p>\n<p>Na\u0161e luxusn\u00ed apartm\u00e1ny jsou ide\u00e1ln\u00ed pro ty, kte\u0159\u00ed hledaj\u00ed maxim\u00e1ln\u00ed pohodl\u00ed a komfort b\u011bhem sv\u00e9ho pobytu<\/p>\n<p>[\/et_pb_slide][et_pb_slide heading=&#8220;Prostor pro celou rodinu&#8220; button_text=&#8220;Prohl\u00e9dn\u011bte si apartm\u00e1ny&#8220; _builder_version=&#8220;4.20.4&#8243; _module_preset=&#8220;default&#8220; background_image=&#8220;http:\/\/www.black-hill.cz\/wp-content\/uploads\/2023\/06\/Apt7-web-DSC_0047.jpg&#8220; background_enable_image=&#8220;on&#8220; hover_enabled=&#8220;0&#8243; global_colors_info=&#8220;{}&#8220; sticky_transition=&#8220;on&#8220; title_text=&#8220;Apt7-web-DSC_0047&#8243; sticky_enabled=&#8220;0&#8243;]<\/p>\n<p>Odpo\u010di\u0148te si v pln\u011b vybaven\u00e9m apartm\u00e1nu a vychutnejte si v\u00fdhled na kr\u00e1sn\u00e9 Krkono\u0161e.<\/p>\n<p>[\/et_pb_slide][et_pb_slide heading=&#8220;Mysl\u00edme i na nejmen\u0161\u00ed!&#8220; button_text=&#8220;Prohl\u00e9dn\u011bte si apartm\u00e1ny&#8220; _builder_version=&#8220;4.20.4&#8243; _module_preset=&#8220;default&#8220; background_image=&#8220;http:\/\/www.black-hill.cz\/wp-content\/uploads\/2023\/06\/Apt4-web-DSC_0195.jpg&#8220; background_enable_image=&#8220;on&#8220; hover_enabled=&#8220;0&#8243; global_colors_info=&#8220;{}&#8220; sticky_transition=&#8220;on&#8220; title_text=&#8220;Apt4-web-DSC_0195&#8243; sticky_enabled=&#8220;0&#8243;]<\/p>\n<p>Ka\u017ed\u00fd detail byl pe\u010dliv\u011b promy\u0161len, aby si pobyt u n\u00e1s u\u017eil ka\u017ed\u00fd \u010dlen rodiny.<\/p>\n<p>[\/et_pb_slide][\/et_pb_fullwidth_slider][\/et_pb_section]<\/p>\n","protected":false},"excerpt":{"rendered":"<p>Galerie<div class=\"et_pb_module dipl_masonry_gallery dipl_masonry_gallery_0\">\n\t\t\t\t\n\t\t\t\t\n\t\t\t\t\n\t\t\t\t\n\t\t\t\t\n\t\t\t\t\n\t\t\t\t<div class=\"et_pb_module_inner\">\n\t\t\t\t\t<div class=\"dipl_masonry_gallery_wrapper\">\n\t\t\t\t<div class=\"dipl_masonry_gallery_item_gutter\"><\/div>\n\t\t\t\t<a href=\"https:\/\/www.black-hill.cz\/wp-content\/uploads\/2023\/06\/Apt4-web-DSC_0205.jpg\" class=\"dipl_masonry_gallery_item\">\n\t\t\t\t\t\t<div class=\"dipl_masonry_gallery_image_wrapper\"><img width=\"1024\" height=\"682\" src=\"https:\/\/www.black-hill.cz\/wp-content\/uploads\/2023\/06\/Apt4-web-DSC_0205-1024x682.jpg\" class=\"attachment-large size-large no-lazyload skip-lazy\" alt=\"\" decoding=\"async\" loading=\"lazy\" srcset=\"https:\/\/www.black-hill.cz\/wp-content\/uploads\/2023\/06\/Apt4-web-DSC_0205-980x653.jpg 980w, https:\/\/www.black-hill.cz\/wp-content\/uploads\/2023\/06\/Apt4-web-DSC_0205-480x320.jpg 480w\" sizes=\"auto, (min-width: 0px) and (max-width: 480px) 480px, (min-width: 481px) and (max-width: 980px) 980px, (min-width: 981px) 1024px, 100vw\" \/> <span class=\"et_overlay et_pb_inline_icon\" data-icon=\"T\"><\/span><\/div>\n\t\t\t\t\t\t\n\t\t\t\t\t<\/a><a href=\"https:\/\/www.black-hill.cz\/wp-content\/uploads\/2023\/06\/Apt4-web-DSC_0207.jpg\" class=\"dipl_masonry_gallery_item\">\n\t\t\t\t\t\t<div class=\"dipl_masonry_gallery_image_wrapper\"><img width=\"1024\" height=\"682\" src=\"https:\/\/www.black-hill.cz\/wp-content\/uploads\/2023\/06\/Apt4-web-DSC_0207-1024x682.jpg\" class=\"attachment-large size-large no-lazyload skip-lazy\" alt=\"\" decoding=\"async\" loading=\"lazy\" srcset=\"https:\/\/www.black-hill.cz\/wp-content\/uploads\/2023\/06\/Apt4-web-DSC_0207-980x653.jpg 980w, https:\/\/www.black-hill.cz\/wp-content\/uploads\/2023\/06\/Apt4-web-DSC_0207-480x320.jpg 480w\" sizes=\"auto, (min-width: 0px) and (max-width: 480px) 480px, (min-width: 481px) and (max-width: 980px) 980px, (min-width: 981px) 1024px, 100vw\" \/> <span class=\"et_overlay et_pb_inline_icon\" data-icon=\"T\"><\/span><\/div>\n\t\t\t\t\t\t\n\t\t\t\t\t<\/a><a href=\"https:\/\/www.black-hill.cz\/wp-content\/uploads\/2023\/06\/Apt4-web-DSC_0195.jpg\" class=\"dipl_masonry_gallery_item\">\n\t\t\t\t\t\t<div class=\"dipl_masonry_gallery_image_wrapper\"><img width=\"1024\" height=\"682\" src=\"https:\/\/www.black-hill.cz\/wp-content\/uploads\/2023\/06\/Apt4-web-DSC_0195-1024x682.jpg\" class=\"attachment-large size-large no-lazyload skip-lazy\" alt=\"\" decoding=\"async\" loading=\"lazy\" srcset=\"https:\/\/www.black-hill.cz\/wp-content\/uploads\/2023\/06\/Apt4-web-DSC_0195-980x653.jpg 980w, https:\/\/www.black-hill.cz\/wp-content\/uploads\/2023\/06\/Apt4-web-DSC_0195-480x320.jpg 480w\" sizes=\"auto, (min-width: 0px) and (max-width: 480px) 480px, (min-width: 481px) and (max-width: 980px) 980px, (min-width: 981px) 1024px, 100vw\" \/> <span class=\"et_overlay et_pb_inline_icon\" data-icon=\"T\"><\/span><\/div>\n\t\t\t\t\t\t\n\t\t\t\t\t<\/a><a href=\"https:\/\/www.black-hill.cz\/wp-content\/uploads\/2023\/06\/Apt4-web-DSC_0200.jpg\" class=\"dipl_masonry_gallery_item\">\n\t\t\t\t\t\t<div class=\"dipl_masonry_gallery_image_wrapper\"><img width=\"1024\" height=\"682\" src=\"https:\/\/www.black-hill.cz\/wp-content\/uploads\/2023\/06\/Apt4-web-DSC_0200-1024x682.jpg\" class=\"attachment-large size-large no-lazyload skip-lazy\" alt=\"\" decoding=\"async\" loading=\"lazy\" srcset=\"https:\/\/www.black-hill.cz\/wp-content\/uploads\/2023\/06\/Apt4-web-DSC_0200-980x653.jpg 980w, https:\/\/www.black-hill.cz\/wp-content\/uploads\/2023\/06\/Apt4-web-DSC_0200-480x320.jpg 480w\" sizes=\"auto, (min-width: 0px) and (max-width: 480px) 480px, (min-width: 481px) and (max-width: 980px) 980px, (min-width: 981px) 1024px, 100vw\" \/> <span class=\"et_overlay et_pb_inline_icon\" data-icon=\"T\"><\/span><\/div>\n\t\t\t\t\t\t\n\t\t\t\t\t<\/a><a href=\"https:\/\/www.black-hill.cz\/wp-content\/uploads\/2023\/06\/Apt7-web-DSC_0058.jpg\" class=\"dipl_masonry_gallery_item\">\n\t\t\t\t\t\t<div class=\"dipl_masonry_gallery_image_wrapper\"><img width=\"1024\" height=\"682\" src=\"https:\/\/www.black-hill.cz\/wp-content\/uploads\/2023\/06\/Apt7-web-DSC_0058-1024x682.jpg\" class=\"attachment-large size-large no-lazyload skip-lazy\" alt=\"\" decoding=\"async\" loading=\"lazy\" srcset=\"https:\/\/www.black-hill.cz\/wp-content\/uploads\/2023\/06\/Apt7-web-DSC_0058-980x653.jpg 980w, https:\/\/www.black-hill.cz\/wp-content\/uploads\/2023\/06\/Apt7-web-DSC_0058-480x320.jpg 480w\" sizes=\"auto, (min-width: 0px) and (max-width: 480px) 480px, (min-width: 481px) and (max-width: 980px) 980px, (min-width: 981px) 1024px, 100vw\" \/> <span class=\"et_overlay et_pb_inline_icon\" data-icon=\"T\"><\/span><\/div>\n\t\t\t\t\t\t\n\t\t\t\t\t<\/a><a href=\"https:\/\/www.black-hill.cz\/wp-content\/uploads\/2023\/06\/Apt7-web-DSC_0047.jpg\" class=\"dipl_masonry_gallery_item\">\n\t\t\t\t\t\t<div class=\"dipl_masonry_gallery_image_wrapper\"><img width=\"1024\" height=\"682\" src=\"https:\/\/www.black-hill.cz\/wp-content\/uploads\/2023\/06\/Apt7-web-DSC_0047-1024x682.jpg\" class=\"attachment-large size-large no-lazyload skip-lazy\" alt=\"\" decoding=\"async\" loading=\"lazy\" srcset=\"https:\/\/www.black-hill.cz\/wp-content\/uploads\/2023\/06\/Apt7-web-DSC_0047-980x653.jpg 980w, https:\/\/www.black-hill.cz\/wp-content\/uploads\/2023\/06\/Apt7-web-DSC_0047-480x320.jpg 480w\" sizes=\"auto, (min-width: 0px) and (max-width: 480px) 480px, (min-width: 481px) and (max-width: 980px) 980px, (min-width: 981px) 1024px, 100vw\" \/> <span class=\"et_overlay et_pb_inline_icon\" data-icon=\"T\"><\/span><\/div>\n\t\t\t\t\t\t\n\t\t\t\t\t<\/a><a href=\"https:\/\/www.black-hill.cz\/wp-content\/uploads\/2023\/06\/Apt7-web-DSC_0046.jpg\" class=\"dipl_masonry_gallery_item\">\n\t\t\t\t\t\t<div class=\"dipl_masonry_gallery_image_wrapper\"><img width=\"1024\" height=\"682\" src=\"https:\/\/www.black-hill.cz\/wp-content\/uploads\/2023\/06\/Apt7-web-DSC_0046-1024x682.jpg\" class=\"attachment-large size-large no-lazyload skip-lazy\" alt=\"\" decoding=\"async\" loading=\"lazy\" srcset=\"https:\/\/www.black-hill.cz\/wp-content\/uploads\/2023\/06\/Apt7-web-DSC_0046-980x653.jpg 980w, https:\/\/www.black-hill.cz\/wp-content\/uploads\/2023\/06\/Apt7-web-DSC_0046-480x320.jpg 480w\" sizes=\"auto, (min-width: 0px) and (max-width: 480px) 480px, (min-width: 481px) and (max-width: 980px) 980px, (min-width: 981px) 1024px, 100vw\" \/> <span class=\"et_overlay et_pb_inline_icon\" data-icon=\"T\"><\/span><\/div>\n\t\t\t\t\t\t\n\t\t\t\t\t<\/a><a href=\"https:\/\/www.black-hill.cz\/wp-content\/uploads\/2023\/06\/Apt7-web-DSC_0051.jpg\" class=\"dipl_masonry_gallery_item\">\n\t\t\t\t\t\t<div class=\"dipl_masonry_gallery_image_wrapper\"><img width=\"1024\" height=\"682\" src=\"https:\/\/www.black-hill.cz\/wp-content\/uploads\/2023\/06\/Apt7-web-DSC_0051-1024x682.jpg\" class=\"attachment-large size-large no-lazyload skip-lazy\" alt=\"\" decoding=\"async\" loading=\"lazy\" srcset=\"https:\/\/www.black-hill.cz\/wp-content\/uploads\/2023\/06\/Apt7-web-DSC_0051-980x653.jpg 980w, https:\/\/www.black-hill.cz\/wp-content\/uploads\/2023\/06\/Apt7-web-DSC_0051-480x320.jpg 480w\" sizes=\"auto, (min-width: 0px) and (max-width: 480px) 480px, (min-width: 481px) and (max-width: 980px) 980px, (min-width: 981px) 1024px, 100vw\" \/> <span class=\"et_overlay et_pb_inline_icon\" data-icon=\"T\"><\/span><\/div>\n\t\t\t\t\t\t\n\t\t\t\t\t<\/a><a href=\"https:\/\/www.black-hill.cz\/wp-content\/uploads\/2023\/06\/Apt8-web-DSC_0030.jpg\" class=\"dipl_masonry_gallery_item\">\n\t\t\t\t\t\t<div class=\"dipl_masonry_gallery_image_wrapper\"><img width=\"1024\" height=\"682\" src=\"https:\/\/www.black-hill.cz\/wp-content\/uploads\/2023\/06\/Apt8-web-DSC_0030-1024x682.jpg\" class=\"attachment-large size-large no-lazyload skip-lazy\" alt=\"\" decoding=\"async\" loading=\"lazy\" srcset=\"https:\/\/www.black-hill.cz\/wp-content\/uploads\/2023\/06\/Apt8-web-DSC_0030-980x653.jpg 980w, https:\/\/www.black-hill.cz\/wp-content\/uploads\/2023\/06\/Apt8-web-DSC_0030-480x320.jpg 480w\" sizes=\"auto, (min-width: 0px) and (max-width: 480px) 480px, (min-width: 481px) and (max-width: 980px) 980px, (min-width: 981px) 1024px, 100vw\" \/> <span class=\"et_overlay et_pb_inline_icon\" data-icon=\"T\"><\/span><\/div>\n\t\t\t\t\t\t\n\t\t\t\t\t<\/a><a href=\"https:\/\/www.black-hill.cz\/wp-content\/uploads\/2023\/06\/Apt8-web-DSC_0067.jpg\" class=\"dipl_masonry_gallery_item\">\n\t\t\t\t\t\t<div class=\"dipl_masonry_gallery_image_wrapper\"><img width=\"1024\" height=\"682\" src=\"https:\/\/www.black-hill.cz\/wp-content\/uploads\/2023\/06\/Apt8-web-DSC_0067-1024x682.jpg\" class=\"attachment-large size-large no-lazyload skip-lazy\" alt=\"\" decoding=\"async\" loading=\"lazy\" srcset=\"https:\/\/www.black-hill.cz\/wp-content\/uploads\/2023\/06\/Apt8-web-DSC_0067-980x653.jpg 980w, https:\/\/www.black-hill.cz\/wp-content\/uploads\/2023\/06\/Apt8-web-DSC_0067-480x320.jpg 480w\" sizes=\"auto, (min-width: 0px) and (max-width: 480px) 480px, (min-width: 481px) and (max-width: 980px) 980px, (min-width: 981px) 1024px, 100vw\" \/> <span class=\"et_overlay et_pb_inline_icon\" data-icon=\"T\"><\/span><\/div>\n\t\t\t\t\t\t\n\t\t\t\t\t<\/a><a href=\"https:\/\/www.black-hill.cz\/wp-content\/uploads\/2023\/06\/Apt8-web-DSC_0065.jpg\" class=\"dipl_masonry_gallery_item\">\n\t\t\t\t\t\t<div class=\"dipl_masonry_gallery_image_wrapper\"><img width=\"1024\" height=\"682\" src=\"https:\/\/www.black-hill.cz\/wp-content\/uploads\/2023\/06\/Apt8-web-DSC_0065-1024x682.jpg\" class=\"attachment-large size-large no-lazyload skip-lazy\" alt=\"\" decoding=\"async\" loading=\"lazy\" srcset=\"https:\/\/www.black-hill.cz\/wp-content\/uploads\/2023\/06\/Apt8-web-DSC_0065-980x653.jpg 980w, https:\/\/www.black-hill.cz\/wp-content\/uploads\/2023\/06\/Apt8-web-DSC_0065-480x320.jpg 480w\" sizes=\"auto, (min-width: 0px) and (max-width: 480px) 480px, (min-width: 481px) and (max-width: 980px) 980px, (min-width: 981px) 1024px, 100vw\" \/> <span class=\"et_overlay et_pb_inline_icon\" data-icon=\"T\"><\/span><\/div>\n\t\t\t\t\t\t\n\t\t\t\t\t<\/a><a href=\"https:\/\/www.black-hill.cz\/wp-content\/uploads\/2023\/06\/BlackHill-Zahrada-web-DSC_0239.jpg\" class=\"dipl_masonry_gallery_item\">\n\t\t\t\t\t\t<div class=\"dipl_masonry_gallery_image_wrapper\"><img width=\"1024\" height=\"718\" src=\"https:\/\/www.black-hill.cz\/wp-content\/uploads\/2023\/06\/BlackHill-Zahrada-web-DSC_0239-1024x718.jpg\" class=\"attachment-large size-large no-lazyload skip-lazy\" alt=\"\" decoding=\"async\" loading=\"lazy\" srcset=\"https:\/\/www.black-hill.cz\/wp-content\/uploads\/2023\/06\/BlackHill-Zahrada-web-DSC_0239-980x687.jpg 980w, https:\/\/www.black-hill.cz\/wp-content\/uploads\/2023\/06\/BlackHill-Zahrada-web-DSC_0239-480x337.jpg 480w\" sizes=\"auto, (min-width: 0px) and (max-width: 480px) 480px, (min-width: 481px) and (max-width: 980px) 980px, (min-width: 981px) 1024px, 100vw\" \/> <span class=\"et_overlay et_pb_inline_icon\" data-icon=\"T\"><\/span><\/div>\n\t\t\t\t\t\t\n\t\t\t\t\t<\/a><a href=\"https:\/\/www.black-hill.cz\/wp-content\/uploads\/2023\/06\/BlackHill-Zahrada-web-DSC_0218.jpg\" class=\"dipl_masonry_gallery_item\">\n\t\t\t\t\t\t<div class=\"dipl_masonry_gallery_image_wrapper\"><img width=\"1024\" height=\"682\" src=\"https:\/\/www.black-hill.cz\/wp-content\/uploads\/2023\/06\/BlackHill-Zahrada-web-DSC_0218-1024x682.jpg\" class=\"attachment-large size-large no-lazyload skip-lazy\" alt=\"\" decoding=\"async\" loading=\"lazy\" srcset=\"https:\/\/www.black-hill.cz\/wp-content\/uploads\/2023\/06\/BlackHill-Zahrada-web-DSC_0218-980x653.jpg 980w, https:\/\/www.black-hill.cz\/wp-content\/uploads\/2023\/06\/BlackHill-Zahrada-web-DSC_0218-480x320.jpg 480w\" sizes=\"auto, (min-width: 0px) and (max-width: 480px) 480px, (min-width: 481px) and (max-width: 980px) 980px, (min-width: 981px) 1024px, 100vw\" \/> <span class=\"et_overlay et_pb_inline_icon\" data-icon=\"T\"><\/span><\/div>\n\t\t\t\t\t\t\n\t\t\t\t\t<\/a><a href=\"https:\/\/www.black-hill.cz\/wp-content\/uploads\/2023\/06\/BlackHill-Zahrada-web-DSC_0220.jpg\" class=\"dipl_masonry_gallery_item\">\n\t\t\t\t\t\t<div class=\"dipl_masonry_gallery_image_wrapper\"><img width=\"1024\" height=\"682\" src=\"https:\/\/www.black-hill.cz\/wp-content\/uploads\/2023\/06\/BlackHill-Zahrada-web-DSC_0220-1024x682.jpg\" class=\"attachment-large size-large no-lazyload skip-lazy\" alt=\"\" decoding=\"async\" loading=\"lazy\" srcset=\"https:\/\/www.black-hill.cz\/wp-content\/uploads\/2023\/06\/BlackHill-Zahrada-web-DSC_0220-980x653.jpg 980w, https:\/\/www.black-hill.cz\/wp-content\/uploads\/2023\/06\/BlackHill-Zahrada-web-DSC_0220-480x320.jpg 480w\" sizes=\"auto, (min-width: 0px) and (max-width: 480px) 480px, (min-width: 481px) and (max-width: 980px) 980px, (min-width: 981px) 1024px, 100vw\" \/> <span class=\"et_overlay et_pb_inline_icon\" data-icon=\"T\"><\/span><\/div>\n\t\t\t\t\t\t\n\t\t\t\t\t<\/a><a href=\"https:\/\/www.black-hill.cz\/wp-content\/uploads\/2023\/06\/BlackHill-Zahrada-web-DSC_0106.jpg\" class=\"dipl_masonry_gallery_item\">\n\t\t\t\t\t\t<div class=\"dipl_masonry_gallery_image_wrapper\"><img width=\"1024\" height=\"682\" src=\"https:\/\/www.black-hill.cz\/wp-content\/uploads\/2023\/06\/BlackHill-Zahrada-web-DSC_0106-1024x682.jpg\" class=\"attachment-large size-large no-lazyload skip-lazy\" alt=\"\" decoding=\"async\" loading=\"lazy\" srcset=\"https:\/\/www.black-hill.cz\/wp-content\/uploads\/2023\/06\/BlackHill-Zahrada-web-DSC_0106-980x653.jpg 980w, https:\/\/www.black-hill.cz\/wp-content\/uploads\/2023\/06\/BlackHill-Zahrada-web-DSC_0106-480x320.jpg 480w\" sizes=\"auto, (min-width: 0px) and (max-width: 480px) 480px, (min-width: 481px) and (max-width: 980px) 980px, (min-width: 981px) 1024px, 100vw\" \/> <span class=\"et_overlay et_pb_inline_icon\" data-icon=\"T\"><\/span><\/div>\n\t\t\t\t\t\t\n\t\t\t\t\t<\/a>\n\t\t\t<\/div>\n\t\t\t\t<\/div>\n\t\t\t<\/div>Na\u0161e luxusn\u00ed apartm\u00e1ny jsou ide\u00e1ln\u00ed pro ty, kte\u0159\u00ed hledaj\u00ed maxim\u00e1ln\u00ed pohodl\u00ed a komfort b\u011bhem sv\u00e9ho pobytuOdpo\u010di\u0148te si v pln\u011b vybaven\u00e9m apartm\u00e1nu a vychutnejte si v\u00fdhled na kr\u00e1sn\u00e9 Krkono\u0161e.Ka\u017ed\u00fd detail byl pe\u010dliv\u011b promy\u0161len, aby si pobyt u n\u00e1s u\u017eil ka\u017ed\u00fd \u010dlen rodiny.<\/p>\n","protected":false},"author":1,"featured_media":0,"parent":0,"menu_order":0,"comment_status":"closed","ping_status":"closed","template":"","meta":{"_et_pb_use_builder":"on","_et_pb_old_content":"","_et_gb_content_width":"","footnotes":""},"class_list":["post-211","page","type-page","status-publish","hentry"],"yoast_head":"<!-- This site is optimized with the Yoast SEO plugin v22.8 - https:\/\/yoast.com\/wordpress\/plugins\/seo\/ -->\n<title>Galerie - black-hill.cz<\/title>\n<meta name=\"robots\" content=\"index, follow, max-snippet:-1, max-image-preview:large, max-video-preview:-1\" \/>\n<link rel=\"canonical\" href=\"https:\/\/www.black-hill.cz\/?page_id=211\" \/>\n<meta property=\"og:locale\" content=\"cs_CZ\" \/>\n<meta property=\"og:type\" content=\"article\" \/>\n<meta property=\"og:title\" content=\"Galerie - black-hill.cz\" \/>\n<meta property=\"og:url\" content=\"https:\/\/www.black-hill.cz\/?page_id=211\" \/>\n<meta property=\"og:site_name\" content=\"black-hill.cz\" \/>\n<meta property=\"article:modified_time\" content=\"2023-06-07T12:32:23+00:00\" \/>\n<meta name=\"twitter:card\" content=\"summary_large_image\" \/>\n<meta name=\"twitter:label1\" content=\"Odhadovan\u00e1 doba \u010dten\u00ed\" \/>\n\t<meta name=\"twitter:data1\" content=\"1 minuta\" \/>\n<script type=\"application\/ld+json\" class=\"yoast-schema-graph\">{\"@context\":\"https:\/\/schema.org\",\"@graph\":[{\"@type\":\"WebPage\",\"@id\":\"https:\/\/www.black-hill.cz\/?page_id=211\",\"url\":\"https:\/\/www.black-hill.cz\/?page_id=211\",\"name\":\"Galerie - black-hill.cz\",\"isPartOf\":{\"@id\":\"https:\/\/www.black-hill.cz\/#website\"},\"datePublished\":\"2023-03-24T09:08:58+00:00\",\"dateModified\":\"2023-06-07T12:32:23+00:00\",\"breadcrumb\":{\"@id\":\"https:\/\/www.black-hill.cz\/?page_id=211#breadcrumb\"},\"inLanguage\":\"cs\",\"potentialAction\":[{\"@type\":\"ReadAction\",\"target\":[\"https:\/\/www.black-hill.cz\/?page_id=211\"]}]},{\"@type\":\"BreadcrumbList\",\"@id\":\"https:\/\/www.black-hill.cz\/?page_id=211#breadcrumb\",\"itemListElement\":[{\"@type\":\"ListItem\",\"position\":1,\"name\":\"Home\",\"item\":\"https:\/\/www.black-hill.cz\/\"},{\"@type\":\"ListItem\",\"position\":2,\"name\":\"Galerie\"}]},{\"@type\":\"WebSite\",\"@id\":\"https:\/\/www.black-hill.cz\/#website\",\"url\":\"https:\/\/www.black-hill.cz\/\",\"name\":\"black-hill.cz\",\"description\":\"Luxusn\u00ed apartm\u00e1ny v \u010cern\u00e9m Dole v Krkono\u0161\u00edch\",\"potentialAction\":[{\"@type\":\"SearchAction\",\"target\":{\"@type\":\"EntryPoint\",\"urlTemplate\":\"https:\/\/www.black-hill.cz\/?s={search_term_string}\"},\"query-input\":\"required name=search_term_string\"}],\"inLanguage\":\"cs\"}]}<\/script>\n<!-- \/ Yoast SEO plugin. -->","yoast_head_json":{"title":"Galerie - black-hill.cz","robots":{"index":"index","follow":"follow","max-snippet":"max-snippet:-1","max-image-preview":"max-image-preview:large","max-video-preview":"max-video-preview:-1"},"canonical":"https:\/\/www.black-hill.cz\/?page_id=211","og_locale":"cs_CZ","og_type":"article","og_title":"Galerie - black-hill.cz","og_url":"https:\/\/www.black-hill.cz\/?page_id=211","og_site_name":"black-hill.cz","article_modified_time":"2023-06-07T12:32:23+00:00","twitter_card":"summary_large_image","twitter_misc":{"Odhadovan\u00e1 doba \u010dten\u00ed":"1 minuta"},"schema":{"@context":"https:\/\/schema.org","@graph":[{"@type":"WebPage","@id":"https:\/\/www.black-hill.cz\/?page_id=211","url":"https:\/\/www.black-hill.cz\/?page_id=211","name":"Galerie - black-hill.cz","isPartOf":{"@id":"https:\/\/www.black-hill.cz\/#website"},"datePublished":"2023-03-24T09:08:58+00:00","dateModified":"2023-06-07T12:32:23+00:00","breadcrumb":{"@id":"https:\/\/www.black-hill.cz\/?page_id=211#breadcrumb"},"inLanguage":"cs","potentialAction":[{"@type":"ReadAction","target":["https:\/\/www.black-hill.cz\/?page_id=211"]}]},{"@type":"BreadcrumbList","@id":"https:\/\/www.black-hill.cz\/?page_id=211#breadcrumb","itemListElement":[{"@type":"ListItem","position":1,"name":"Home","item":"https:\/\/www.black-hill.cz\/"},{"@type":"ListItem","position":2,"name":"Galerie"}]},{"@type":"WebSite","@id":"https:\/\/www.black-hill.cz\/#website","url":"https:\/\/www.black-hill.cz\/","name":"black-hill.cz","description":"Luxusn\u00ed apartm\u00e1ny v \u010cern\u00e9m Dole v Krkono\u0161\u00edch","potentialAction":[{"@type":"SearchAction","target":{"@type":"EntryPoint","urlTemplate":"https:\/\/www.black-hill.cz\/?s={search_term_string}"},"query-input":"required name=search_term_string"}],"inLanguage":"cs"}]}},"_links":{"self":[{"href":"https:\/\/www.black-hill.cz\/index.php?rest_route=\/wp\/v2\/pages\/211","targetHints":{"allow":["GET"]}}],"collection":[{"href":"https:\/\/www.black-hill.cz\/index.php?rest_route=\/wp\/v2\/pages"}],"about":[{"href":"https:\/\/www.black-hill.cz\/index.php?rest_route=\/wp\/v2\/types\/page"}],"author":[{"embeddable":true,"href":"https:\/\/www.black-hill.cz\/index.php?rest_route=\/wp\/v2\/users\/1"}],"replies":[{"embeddable":true,"href":"https:\/\/www.black-hill.cz\/index.php?rest_route=%2Fwp%2Fv2%2Fcomments&post=211"}],"version-history":[{"count":12,"href":"https:\/\/www.black-hill.cz\/index.php?rest_route=\/wp\/v2\/pages\/211\/revisions"}],"predecessor-version":[{"id":796,"href":"https:\/\/www.black-hill.cz\/index.php?rest_route=\/wp\/v2\/pages\/211\/revisions\/796"}],"wp:attachment":[{"href":"https:\/\/www.black-hill.cz\/index.php?rest_route=%2Fwp%2Fv2%2Fmedia&parent=211"}],"curies":[{"name":"wp","href":"https:\/\/api.w.org\/{rel}","templated":true}]}}